{"id":2814,"date":"2016-09-20T16:52:07","date_gmt":"2016-09-20T16:52:07","guid":{"rendered":"http:\/\/laymert.com.br\/de\/?page_id=2814"},"modified":"2022-08-29T11:05:44","modified_gmt":"2022-08-29T14:05:44","slug":"home","status":"publish","type":"page","link":"https:\/\/laymert.com.br\/de\/","title":{"rendered":"home"},"content":{"rendered":"<div class=\"wpb-content-wrapper\">[vc_row tablet_fullwidth_cols=&#8220;yes&#8220; center_row=&#8220;yes&#8220; bg_style=&#8220;stretch&#8220; animation_type=&#8220;h&#8220; horizontal_animation=&#8220;left-animation&#8220; vertical_animation=&#8220;top-animation&#8220;][vc_column]<style>.vcex-post-type-grid-wrap.vcex_69d8286a60d46 .entry-details{background-color:var(--wpex-on-accent);opacity:1;}.vcex-post-type-grid-wrap.vcex_69d8286a60d46 .entry-title{color:#333333;font-size:1.25em;margin-block-end:20px;text-transform:uppercase;}.vcex-post-type-grid-wrap.vcex_69d8286a60d46 .entry-excerpt{color:#333333;font-size:1em;}.vcex-post-type-grid-wrap.vcex_69d8286a60d46 .entry-readmore{color:#777777;}<\/style><div class=\"vcex-module vcex-post-type-grid-wrap wpex-clr vcex_69d8286a60d46\"><div class=\"wpex-row vcex-post-type-grid entries wpex-clr gap-30 vcex-isotope-grid wpex-overflow-hidden\"><div class=\"vcex-post-type-entry vcex-grid-item wpex-clr col span_1_of_4 vcex-isotope-entry col-1 entry post-2792 type-post has-media cat-108 post_tag-502 post_tag-647 post_tag-504 post_tag-503 post_tag-505 post_tag-507 post_tag-506 post_tag-508 post_tag-509 translation_priority-595\"><div class=\"vcex-post-type-entry-inner entry-inner wpex-first-mt-0 wpex-last-mb-0 wpex-clr\"><div class=\"vcex-post-type-entry-media entry-media wpex-relative wpex-image-hover grow\"><a href=\"https:\/\/laymert.com.br\/de\/canetti-und-die-dringlichkeit-der-gegenwart\/\" title=\"Canetti und die  Dringlichkeit der Gegenwart\"><img data-no-lazy=\"1\" class=\"vcex-blog-entry-img wpex-align-middle skip-lazy\" src=\"https:\/\/laymert.com.br\/wp-content\/uploads\/2022\/08\/canetti-thumb.jpg\" alt=\"\" srcset=\"https:\/\/laymert.com.br\/wp-content\/uploads\/2022\/08\/canetti-thumb.jpg 400w, https:\/\/laymert.com.br\/wp-content\/uploads\/2022\/08\/canetti-thumb-300x300.jpg 300w, https:\/\/laymert.com.br\/wp-content\/uploads\/2022\/08\/canetti-thumb-150x150.jpg 150w\" width=\"400\" height=\"400\"><\/a><\/div><div class=\"vcex-post-type-entry-details entry-details wpex-boxed wpex-p-40 wpex-border-0 wpex-first-mt-0 wpex-last-mb-0 wpex-clr\"><h2 class=\"vcex-post-type-entry-title entry-title wpex-mb-5 wpex-child-inherit-color\"><a href=\"https:\/\/laymert.com.br\/de\/canetti-und-die-dringlichkeit-der-gegenwart\/\">Canetti und die  Dringlichkeit der Gegenwart<\/a><\/h2 ><div class=\"vcex-post-type-entry-excerpt entry-excerpt wpex-my-15 wpex-text-pretty wpex-last-mb-0 wpex-clr\"><p>In 1959 war Elias Canetti 54 Jahre alt, als er auf seinen Aufzeichnungen schrieb: \u201cGestern ist das Manuskript von Masse und Macht nach Hamburg abgegangen. \u201cl925, vor vierunddrei\u03b2ig Jahren, hatte ich den ersten Gedanken zu einem Buche \u00fcber die Masse. Aber der wirkliche Keim dazu war noch fr\u00fcher: eine Arbeiterdemonstration in Frankfurt anl\u00e4sslich des Todes von Rathenau, ich war siebzehn Jahre alt. \u00a0\u00a0\u00a0\u00a0\u00a0\u00a0 \u201cWie immer ich&hellip;<\/p><\/div><div class=\"vcex-post-type-entry-readmore-wrap entry-readmore-wrap wpex-my-15 wpex-clr\"><a href=\"https:\/\/laymert.com.br\/de\/canetti-und-die-dringlichkeit-der-gegenwart\/\" class=\"entry-readmore theme-button outline grey\" aria-label=\"lesen Sie about Canetti und die  Dringlichkeit der Gegenwart\">lesen Sie <span class=\"vcex-readmore-rarr\">&rarr;<\/span><\/a><\/div><\/div><\/div><\/div><\/div><\/div><div class=\"vcex-spacing wpex-w-100 wpex-clear\" style=\"height:60px;\"><\/div>[\/vc_column][\/vc_row]\n<\/div>","protected":false},"excerpt":{"rendered":"<p>[vc_row tablet_fullwidth_cols=&#8220;yes&#8220; center_row=&#8220;yes&#8220; bg_style=&#8220;stretch&#8220; animation_type=&#8220;h&#8220; horizontal_animation=&#8220;left-animation&#8220; vertical_animation=&#8220;top-animation&#8220;][vc_column][\/vc_column][\/vc_row]<\/p>\n","protected":false},"author":1,"featured_media":0,"parent":0,"menu_order":0,"comment_status":"closed","ping_status":"closed","template":"","meta":{"footnotes":""},"class_list":["post-2814","page","type-page","status-publish","hentry","entry","has-media"],"aioseo_notices":[],"_links":{"self":[{"href":"https:\/\/laymert.com.br\/de\/wp-json\/wp\/v2\/pages\/2814","targetHints":{"allow":["GET"]}}],"collection":[{"href":"https:\/\/laymert.com.br\/de\/wp-json\/wp\/v2\/pages"}],"about":[{"href":"https:\/\/laymert.com.br\/de\/wp-json\/wp\/v2\/types\/page"}],"author":[{"embeddable":true,"href":"https:\/\/laymert.com.br\/de\/wp-json\/wp\/v2\/users\/1"}],"replies":[{"embeddable":true,"href":"https:\/\/laymert.com.br\/de\/wp-json\/wp\/v2\/comments?post=2814"}],"version-history":[{"count":1,"href":"https:\/\/laymert.com.br\/de\/wp-json\/wp\/v2\/pages\/2814\/revisions"}],"predecessor-version":[{"id":4678,"href":"https:\/\/laymert.com.br\/de\/wp-json\/wp\/v2\/pages\/2814\/revisions\/4678"}],"wp:attachment":[{"href":"https:\/\/laymert.com.br\/de\/wp-json\/wp\/v2\/media?parent=2814"}],"curies":[{"name":"wp","href":"https:\/\/api.w.org\/{rel}","templated":true}]}}