{"id":2819,"date":"2014-07-22T11:58:24","date_gmt":"2014-07-22T11:58:24","guid":{"rendered":"http:\/\/laymert.com.br\/de\/sobre\/"},"modified":"2016-09-20T17:02:59","modified_gmt":"2016-09-20T17:02:59","slug":"etwa","status":"publish","type":"page","link":"https:\/\/laymert.com.br\/de\/etwa\/","title":{"rendered":"etwa"},"content":{"rendered":"<div class=\"wpb-content-wrapper\">[vc_row center_row=&#8220;yes&#8220; tablet_fullwidth_cols=&#8220;yes&#8220; min_height=&#8220;300px&#8220; parallax_style=&#8220;vcpb-default&#8220; parallax_direction=&#8220;right&#8220; bg_type=&#8220;image&#8220; bg_grad=&#8220;background: -webkit-gradient(linear, left top, left bottom, color-stop(0%, #E3E3E3));background: -moz-linear-gradient(top,#E3E3E3 0%);background: -webkit-linear-gradient(top,#E3E3E3 0%);background: -o-linear-gradient(top,#E3E3E3 0%);background: -ms-linear-gradient(top,#E3E3E3 0%);background: linear-gradient(top,#E3E3E3 0%);&#8220; bg_image_new=&#8220;2000&#8243; bg_image_repeat=&#8220;repeat-x&#8220; bg_image_size=&#8220;cover&#8220; bg_img_attach=&#8220;scroll&#8220; parallax_sense=&#8220;30&#8243; animation_direction=&#8220;left-animation&#8220; animation_repeat=&#8220;repeat&#8220; viewport_vdo=&#8220;off&#8220; enable_controls=&#8220;off&#8220; bg_override=&#8220;ex-full&#8220; disable_on_mobile_img_parallax=&#8220;off&#8220; parallax_content_sense=&#8220;30&#8243; fadeout_start_effect=&#8220;30&#8243; overlay_pattern_opacity=&#8220;80&#8243; overlay_pattern_attachment=&#8220;fixed&#8220; multi_color_overlay_opacity=&#8220;60&#8243; seperator_type=&#8220;none_seperator&#8220; seperator_position=&#8220;top_seperator&#8220; seperator_shape_size=&#8220;40&#8243; seperator_svg_height=&#8220;60&#8243; seperator_shape_background=&#8220;#ffffff&#8220; seperator_shape_border=&#8220;none&#8220; seperator_shape_border_width=&#8220;1&#8243; icon_type=&#8220;no_icon&#8220; icon_size=&#8220;32&#8243; icon_style=&#8220;none&#8220; icon_color_border=&#8220;#333333&#8243; icon_border_size=&#8220;1&#8243; icon_border_radius=&#8220;500&#8243; icon_border_spacing=&#8220;50&#8243; img_width=&#8220;48&#8243; ult_hide_row_large_screen=&#8220;off&#8220; ult_hide_row_desktop=&#8220;off&#8220; ult_hide_row_tablet=&#8220;off&#8220; ult_hide_row_tablet_small=&#8220;off&#8220; ult_hide_row_mobile=&#8220;off&#8220; ult_hide_row_mobile_large=&#8220;off&#8220;][vc_column width=&#8220;1\/1&#8243;][\/vc_column][\/vc_row][vc_row][vc_column width=&#8220;1\/1&#8243;]<div class=\"vcex-spacing wpex-w-100 wpex-clear\" style=\"height:90px;\"><\/div>[\/vc_column][\/vc_row][vc_row center_row=&#8220;yes&#8220; parallax_style=&#8220;vcpb-default&#8220; bg_type=&#8220;no_bg&#8220; bg_grad=&#8220;background: -webkit-gradient(linear, left top, left bottom, color-stop(0%, #E3E3E3));background: -moz-linear-gradient(top,#E3E3E3 0%);background: -webkit-linear-gradient(top,#E3E3E3 0%);background: -o-linear-gradient(top,#E3E3E3 0%);background: -ms-linear-gradient(top,#E3E3E3 0%);background: linear-gradient(top,#E3E3E3 0%);&#8220; bg_image_repeat=&#8220;repeat&#8220; bg_image_size=&#8220;cover&#8220; bg_img_attach=&#8220;scroll&#8220; parallax_sense=&#8220;30&#8243; animation_direction=&#8220;left-animation&#8220; animation_repeat=&#8220;repeat&#8220; viewport_vdo=&#8220;off&#8220; enable_controls=&#8220;off&#8220; bg_override=&#8220;0&#8243; parallax_content_sense=&#8220;30&#8243; fadeout_start_effect=&#8220;30&#8243; overlay_pattern_opacity=&#8220;80&#8243; overlay_pattern_attachment=&#8220;fixed&#8220; multi_color_overlay_opacity=&#8220;60&#8243; seperator_type=&#8220;none_seperator&#8220; seperator_position=&#8220;top_seperator&#8220; seperator_shape_size=&#8220;40&#8243; seperator_svg_height=&#8220;60&#8243; seperator_shape_background=&#8220;#ffffff&#8220; seperator_shape_border=&#8220;none&#8220; seperator_shape_border_width=&#8220;1&#8243; icon_type=&#8220;no_icon&#8220; icon_size=&#8220;32&#8243; icon_style=&#8220;none&#8220; icon_color_border=&#8220;#333333&#8243; icon_border_size=&#8220;1&#8243; icon_border_radius=&#8220;500&#8243; icon_border_spacing=&#8220;50&#8243; img_width=&#8220;48&#8243; ult_hide_row_large_screen=&#8220;off&#8220; ult_hide_row_desktop=&#8220;off&#8220; ult_hide_row_tablet=&#8220;off&#8220; ult_hide_row_tablet_small=&#8220;off&#8220; ult_hide_row_mobile=&#8220;off&#8220; ult_hide_row_mobile_large=&#8220;off&#8220;][vc_column width=&#8220;2\/3&#8243; padding_right=&#8220;50px&#8220;][vc_column_text]Este site re\u00fane a produ\u00e7\u00e3o de Laymert Garcia dos Santos.<\/p>\n<p>Reflex\u00f5es j\u00e1 publicadas anteriormente, ou n\u00e3o, bem como registros do desenvolvimento de certos projetos, s\u00e3o articulados com os materiais aos quais se referem.<\/p>\n<p>Pesquisas podem ser feitas atrav\u00e9s da nuvem de tags e, alterando o idioma, pode-se consultar os textos dispon\u00edveis em outras l\u00ednguas.[\/vc_column_text]<div class=\"vcex-spacing wpex-w-100 wpex-clear\" style=\"height:60px;\"><\/div>[vc_text_separator title=&#8220;cr\u00e9ditos&#8220; title_align=&#8220;separator_align_left&#8220; style=&#8220;one&#8220; element_type=&#8220;div&#8220;][vc_column_text]<span style=\"font-family: 'Droid Sans'; font-size: 12px;\"><strong>Textos<br \/>\n<\/strong>Laymert Garcia dos Santos<\/span><\/p>\n<p><span style=\"font-family: 'Droid Sans'; font-size: 12px;\"><strong>Pesquisa e formata\u00e7\u00e3o do conte\u00fado<br \/>\n<\/strong>Rafael Alves da Silva<\/span><\/p>\n<p><span style=\"font-family: 'Droid Sans'; font-size: 12px;\"><strong>Webdesign<br \/>\n<\/strong>Fernando Angulo<\/span><\/p>\n<p><span style=\"font-family: 'Droid Sans'; font-size: 12px;\">* Outros cr\u00e9ditos est\u00e3o apontados nas publica\u00e7\u00f5es.<\/span>[\/vc_column_text][\/vc_column][vc_column width=&#8220;1\/3&#8243;][vc_column_text]\n<h1 style=\"text-align: left;\">contato<\/h1>\n[\/vc_column_text]<div class=\"vcex-module vcex-divider vcex-divider-solid vcex-divider-center wpex-mx-auto wpex-max-w-100 wpex-block wpex-h-0 wpex-border-b wpex-border-solid wpex-border-main\" style=\"width:100%;margin-block:20px;border-bottom-width:1px;border-color:#dbdbdb;\"><\/div>\n<div class=\"wpcf7 no-js\" id=\"wpcf7-f1999-o1\" lang=\"pt-BR\" dir=\"ltr\" data-wpcf7-id=\"1999\">\n<div class=\"screen-reader-response\"><p role=\"status\" aria-live=\"polite\" aria-atomic=\"true\"><\/p> <ul><\/ul><\/div>\n<form action=\"\/de\/wp-json\/wp\/v2\/pages\/2819#wpcf7-f1999-o1\" method=\"post\" class=\"wpcf7-form init\" aria-label=\"Formul\u00e1rios de contato\" novalidate=\"novalidate\" data-status=\"init\">\n<fieldset class=\"hidden-fields-container\"><input type=\"hidden\" name=\"_wpcf7\" value=\"1999\" \/><input type=\"hidden\" name=\"_wpcf7_version\" value=\"6.1.5\" \/><input type=\"hidden\" name=\"_wpcf7_locale\" value=\"pt_BR\" \/><input type=\"hidden\" name=\"_wpcf7_unit_tag\" value=\"wpcf7-f1999-o1\" \/><input type=\"hidden\" name=\"_wpcf7_container_post\" value=\"0\" \/><input type=\"hidden\" name=\"_wpcf7_posted_data_hash\" value=\"\" \/><input type=\"hidden\" name=\"_wpcf7_recaptcha_response\" value=\"\" \/>\n<\/fieldset>\n<p>Seu nome\n<\/p>\n<p><span class=\"wpcf7-form-control-wrap\" data-name=\"your-name\"><input size=\"40\" maxlength=\"400\" class=\"wpcf7-form-control wpcf7-text wpcf7-validates-as-required\" aria-required=\"true\" aria-invalid=\"false\" value=\"\" type=\"text\" name=\"your-name\" \/><\/span>\n<\/p>\n<p>Seu e-mail\n<\/p>\n<p><span class=\"wpcf7-form-control-wrap\" data-name=\"your-email\"><input size=\"40\" maxlength=\"400\" class=\"wpcf7-form-control wpcf7-email wpcf7-validates-as-required wpcf7-text wpcf7-validates-as-email\" aria-required=\"true\" aria-invalid=\"false\" value=\"\" type=\"email\" name=\"your-email\" \/><\/span>\n<\/p>\n<p>Mensagem\n<\/p>\n<p><span class=\"wpcf7-form-control-wrap\" data-name=\"your-message\"><textarea cols=\"40\" rows=\"10\" maxlength=\"2000\" class=\"wpcf7-form-control wpcf7-textarea\" aria-invalid=\"false\" name=\"your-message\"><\/textarea><\/span>\n<\/p>\n<p><input class=\"wpcf7-form-control wpcf7-submit has-spinner\" type=\"submit\" value=\"Enviar\" \/>\n<\/p><div class=\"wpcf7-response-output\" aria-hidden=\"true\"><\/div>\n<\/form>\n<\/div>\n<div class=\"vcex-spacing wpex-w-100 wpex-clear\" style=\"height:60px;\"><\/div>[\/vc_column][\/vc_row][vc_row center_row=&#8220;yes&#8220; parallax_style=&#8220;vcpb-default&#8220; bg_type=&#8220;no_bg&#8220; bg_grad=&#8220;background: -webkit-gradient(linear, left top, left bottom, color-stop(0%, #E3E3E3));background: -moz-linear-gradient(top,#E3E3E3 0%);background: -webkit-linear-gradient(top,#E3E3E3 0%);background: -o-linear-gradient(top,#E3E3E3 0%);background: -ms-linear-gradient(top,#E3E3E3 0%);background: linear-gradient(top,#E3E3E3 0%);&#8220; bg_image_repeat=&#8220;repeat&#8220; bg_image_size=&#8220;cover&#8220; bg_img_attach=&#8220;scroll&#8220; parallax_sense=&#8220;30&#8243; animation_direction=&#8220;left-animation&#8220; animation_repeat=&#8220;repeat&#8220; viewport_vdo=&#8220;off&#8220; enable_controls=&#8220;off&#8220; bg_override=&#8220;0&#8243; parallax_content_sense=&#8220;30&#8243; fadeout_start_effect=&#8220;30&#8243; overlay_pattern_opacity=&#8220;80&#8243; overlay_pattern_attachment=&#8220;fixed&#8220; multi_color_overlay_opacity=&#8220;60&#8243; seperator_type=&#8220;none_seperator&#8220; seperator_position=&#8220;top_seperator&#8220; seperator_shape_size=&#8220;40&#8243; seperator_svg_height=&#8220;60&#8243; seperator_shape_background=&#8220;#ffffff&#8220; seperator_shape_border=&#8220;none&#8220; seperator_shape_border_width=&#8220;1&#8243; icon_type=&#8220;no_icon&#8220; icon_size=&#8220;32&#8243; icon_style=&#8220;none&#8220; icon_color_border=&#8220;#333333&#8243; icon_border_size=&#8220;1&#8243; icon_border_radius=&#8220;500&#8243; icon_border_spacing=&#8220;50&#8243; img_width=&#8220;48&#8243; ult_hide_row_large_screen=&#8220;off&#8220; ult_hide_row_desktop=&#8220;off&#8220; ult_hide_row_tablet=&#8220;off&#8220; ult_hide_row_tablet_small=&#8220;off&#8220; ult_hide_row_mobile=&#8220;off&#8220; ult_hide_row_mobile_large=&#8220;off&#8220;][vc_column width=&#8220;1\/1&#8243;]<div class=\"vcex-module vcex-divider vcex-divider-solid vcex-divider-center wpex-mx-auto wpex-max-w-100 wpex-block wpex-h-0 wpex-border-b wpex-border-solid wpex-border-main\" style=\"width:100%;margin-block:20px;border-bottom-width:1px;border-color:#dbdbdb;\"><\/div><div class=\"vcex-spacing wpex-w-100 wpex-clear\" style=\"height:30px;\"><\/div>[vc_column_text]\n<p style=\"text-align: left;\"><strong><img loading=\"lazy\" decoding=\"async\" class=\"alignleft size-full wp-image-2007\" src=\"http:\/\/laymert.com.br\/wp-content\/uploads\/2014\/07\/lgs-picture-01.jpg\" alt=\"lgs-picture-01\" width=\"214\" height=\"120\" \/>Laymert Garcia dos Santos<\/strong> \u00e9 professor titular do departamento de Sociologia\/IFCH da Universidade Estadual de Campinas, foi conselheiro do CNPC do Minist\u00e9rio da Cultura e Diretor da Funda\u00e7\u00e3o Bienal de S\u00e3o Paulo. Sua atua\u00e7\u00e3o tem \u00eanfase na Sociologia da Tecnologia e na Arte Contempor\u00e2nea, principalmente em temas como tecnologia, biotecnologia, arte contempor\u00e2nea, pol\u00edtica e Brasil.<\/p>\n<p style=\"text-align: left;\">Os textos aqui disponibilizados podem conter direitos de publica\u00e7\u00e3o. Salvo nestes casos, a reprodu\u00e7\u00e3o n\u00e3o comercial \u00e9 autorizada, desde que mencionada a fonte.<\/p>\n<p style=\"text-align: left;\">Materiais como imagens e v\u00eddeos possuem direitos autorais indicados em cada publica\u00e7\u00e3o.<\/p>\n[\/vc_column_text]<div class=\"vcex-spacing wpex-w-100 wpex-clear\" style=\"height:30px;\"><\/div><div class=\"vcex-module vcex-divider vcex-divider-solid vcex-divider-center wpex-mx-auto wpex-max-w-100 wpex-block wpex-h-0 wpex-border-b wpex-border-solid wpex-border-main\" style=\"width:100%;margin-block:20px;border-bottom-width:1px;border-color:#dbdbdb;\"><\/div><div class=\"vcex-spacing wpex-w-100 wpex-clear\" style=\"height:60px;\"><\/div>[\/vc_column][\/vc_row]\n<\/div>","protected":false},"excerpt":{"rendered":"<p>[vc_row center_row=&#8220;yes&#8220; tablet_fullwidth_cols=&#8220;yes&#8220; min_height=&#8220;300px&#8220; parallax_style=&#8220;vcpb-default&#8220; parallax_direction=&#8220;right&#8220; bg_type=&#8220;image&#8220; bg_grad=&#8220;background: -webkit-gradient(linear, left top, left bottom, color-stop(0%, #E3E3E3));background: -moz-linear-gradient(top,#E3E3E3 0%);background: -webkit-linear-gradient(top,#E3E3E3 0%);background: -o-linear-gradient(top,#E3E3E3 0%);background: -ms-linear-gradient(top,#E3E3E3 0%);background: linear-gradient(top,#E3E3E3 0%);&#8220; bg_image_new=&#8220;2000&#8243; bg_image_repeat=&#8220;repeat-x&#8220; bg_image_size=&#8220;cover&#8220; bg_img_attach=&#8220;scroll&#8220; parallax_sense=&#8220;30&#8243; animation_direction=&#8220;left-animation&#8220; animation_repeat=&#8220;repeat&#8220; viewport_vdo=&#8220;off&#8220; enable_controls=&#8220;off&#8220; bg_override=&#8220;ex-full&#8220; disable_on_mobile_img_parallax=&#8220;off&#8220; parallax_content_sense=&#8220;30&#8243; fadeout_start_effect=&#8220;30&#8243; overlay_pattern_opacity=&#8220;80&#8243; overlay_pattern_attachment=&#8220;fixed&#8220; multi_color_overlay_opacity=&#8220;60&#8243; seperator_type=&#8220;none_seperator&#8220; seperator_position=&#8220;top_seperator&#8220; seperator_shape_size=&#8220;40&#8243; seperator_svg_height=&#8220;60&#8243; seperator_shape_background=&#8220;#ffffff&#8220; seperator_shape_border=&#8220;none&#8220; seperator_shape_border_width=&#8220;1&#8243; icon_type=&#8220;no_icon&#8220; icon_size=&#8220;32&#8243; icon_style=&#8220;none&#8220; icon_color_border=&#8220;#333333&#8243; icon_border_size=&#8220;1&#8243; icon_border_radius=&#8220;500&#8243; icon_border_spacing=&#8220;50&#8243;&hellip;<\/p>\n","protected":false},"author":1,"featured_media":0,"parent":0,"menu_order":0,"comment_status":"closed","ping_status":"closed","template":"","meta":{"footnotes":""},"class_list":["post-2819","page","type-page","status-publish","hentry","entry","no-media"],"aioseo_notices":[],"_links":{"self":[{"href":"https:\/\/laymert.com.br\/de\/wp-json\/wp\/v2\/pages\/2819","targetHints":{"allow":["GET"]}}],"collection":[{"href":"https:\/\/laymert.com.br\/de\/wp-json\/wp\/v2\/pages"}],"about":[{"href":"https:\/\/laymert.com.br\/de\/wp-json\/wp\/v2\/types\/page"}],"author":[{"embeddable":true,"href":"https:\/\/laymert.com.br\/de\/wp-json\/wp\/v2\/users\/1"}],"replies":[{"embeddable":true,"href":"https:\/\/laymert.com.br\/de\/wp-json\/wp\/v2\/comments?post=2819"}],"version-history":[{"count":0,"href":"https:\/\/laymert.com.br\/de\/wp-json\/wp\/v2\/pages\/2819\/revisions"}],"wp:attachment":[{"href":"https:\/\/laymert.com.br\/de\/wp-json\/wp\/v2\/media?parent=2819"}],"curies":[{"name":"wp","href":"https:\/\/api.w.org\/{rel}","templated":true}]}}