{"id":1860,"date":"2014-07-22T11:58:24","date_gmt":"2014-07-22T11:58:24","guid":{"rendered":"http:\/\/laymert.com.br\/wrfrm\/sobre-2\/"},"modified":"2019-06-24T22:25:45","modified_gmt":"2019-06-24T22:25:45","slug":"about","status":"publish","type":"page","link":"https:\/\/laymert.com.br\/en\/about\/","title":{"rendered":"about"},"content":{"rendered":"<div class=\"wpb-content-wrapper\">[vc_row tablet_fullwidth_cols=&#8221;yes&#8221; parallax_style=&#8221;vcpb-default&#8221; center_row=&#8221;yes&#8221; bg_type=&#8221;image&#8221; bg_image_new=&#8221;2000&#8243; bg_image_repeat=&#8221;repeat-x&#8221; bg_image_size=&#8221;cover&#8221; bg_img_attach=&#8221;scroll&#8221; bg_override=&#8221;ex-full&#8221; min_height=&#8221;300px&#8221;][vc_column][\/vc_column][\/vc_row][vc_row][vc_column]<div class=\"vcex-spacing wpex-w-100 wpex-clear\" style=\"height:22px;\"><\/div>[\/vc_column][\/vc_row][vc_row center_row=&#8221;yes&#8221; bg_type=&#8221;no_bg&#8221;][vc_column width=&#8221;2\/3&#8243; padding_right=&#8221;50px&#8221;][vc_column_text]This site brings together materials produced by Laymert Garcia dos Santos.<\/p>\n<p>Part of the material was already published elsewhere, but one can also find here unpublished materials produced during research and cultural projects. The website was designed in a way that the previously published material and the unpublished material are always linked to each other.<\/p>\n<p>Searches can be done through the cloud of tags, and it is also possible changing the language to query the available texts.[\/vc_column_text]<div class=\"vcex-spacing wpex-w-100 wpex-clear\" style=\"height:22px;\"><\/div>[vc_text_separator title=&#8221;credits&#8221; title_align=&#8221;separator_align_left&#8221; style=&#8221;one&#8221; element_type=&#8221;div&#8221;][vc_column_text css=&#8221;.vc_custom_1561415071611{margin-top: 22px !important;}&#8221;]<strong>Texts<br \/>\n<\/strong>Laymert Garcia dos Santos<\/p>\n<p><strong>Research and formatting of content<br \/>\n<\/strong>Rafael Alves da Silva<\/p>\n<p><strong>Web design<br \/>\n<\/strong>Fernando Angulo<\/p>\n<p>* Other credits are indicated in the publications.[\/vc_column_text]<div class=\"vcex-module vcex-divider vcex-divider-solid vcex-divider-center wpex-mx-auto wpex-max-w-100 wpex-block wpex-h-0 wpex-border-b wpex-border-solid wpex-border-main\" style=\"width:100%;margin-block:20px;border-bottom-width:1px;border-color:#dbdbdb;\"><\/div>[vc_column_text]\n<p style=\"text-align: left;\"><strong><img loading=\"lazy\" decoding=\"async\" class=\"alignleft size-full wp-image-2007\" src=\"http:\/\/laymert.com.br\/wp-content\/uploads\/2014\/07\/lgs-picture-01.jpg\" alt=\"lgs-picture-01\" width=\"214\" height=\"120\" \/>Laymert Garcia dos Santos<\/strong>\u00a0is a professor at the Department of Sociology at the State University of Campinas (UNICAMP). He was advisor for Ministry of Culture at the National Council for Cultural Policy (CNPC), and he was also Director of the Funda\u00e7\u00e3o Bienal de S\u00e3o Paulo. Laymert has expertise on Sociology of Technology and Contemporary Art, especially on issues such as biotechnology, film, ICTs, traditional people and Brazilian politics.<\/p>\n<p style=\"text-align: left;\">The texts available here might contain publishing rights. Except in these cases, non-commercial reproduction is fully authorized since the source is mentioned.<\/p>\n<p style=\"text-align: left;\">Copyrighted materials such as pictures and videos are indicated.<\/p>\n[\/vc_column_text]<div class=\"vcex-module vcex-divider vcex-divider-solid vcex-divider-center wpex-mx-auto wpex-max-w-100 wpex-block wpex-h-0 wpex-border-b wpex-border-solid wpex-border-main\" style=\"width:100%;margin-block:20px;border-bottom-width:1px;border-color:#dbdbdb;\"><\/div>[\/vc_column][vc_column width=&#8221;1\/3&#8243;][vc_column_text]\n<h1 style=\"text-align: left;\">contact<\/h1>\n[\/vc_column_text]<div class=\"vcex-module vcex-divider vcex-divider-solid vcex-divider-center wpex-mx-auto wpex-max-w-100 wpex-block wpex-h-0 wpex-border-b wpex-border-solid wpex-border-main\" style=\"width:100%;margin-block:20px;border-bottom-width:1px;border-color:#dbdbdb;\"><\/div>\n<div class=\"wpcf7 no-js\" id=\"wpcf7-f2020-o1\" lang=\"pt-BR\" dir=\"ltr\" data-wpcf7-id=\"2020\">\n<div class=\"screen-reader-response\"><p role=\"status\" aria-live=\"polite\" aria-atomic=\"true\"><\/p> <ul><\/ul><\/div>\n<form action=\"\/en\/wp-json\/wp\/v2\/pages\/1860#wpcf7-f2020-o1\" method=\"post\" class=\"wpcf7-form init\" aria-label=\"Formul\u00e1rios de contato\" novalidate=\"novalidate\" data-status=\"init\">\n<fieldset class=\"hidden-fields-container\"><input type=\"hidden\" name=\"_wpcf7\" value=\"2020\" \/><input type=\"hidden\" name=\"_wpcf7_version\" value=\"6.1.5\" \/><input type=\"hidden\" name=\"_wpcf7_locale\" value=\"pt_BR\" \/><input type=\"hidden\" name=\"_wpcf7_unit_tag\" value=\"wpcf7-f2020-o1\" \/><input type=\"hidden\" name=\"_wpcf7_container_post\" value=\"0\" \/><input type=\"hidden\" name=\"_wpcf7_posted_data_hash\" value=\"\" \/><input type=\"hidden\" name=\"_wpcf7_recaptcha_response\" value=\"\" \/>\n<\/fieldset>\n<p>Your name\n<\/p>\n<p><span class=\"wpcf7-form-control-wrap\" data-name=\"your-name\"><input size=\"40\" maxlength=\"400\" class=\"wpcf7-form-control wpcf7-text wpcf7-validates-as-required\" aria-required=\"true\" aria-invalid=\"false\" value=\"\" type=\"text\" name=\"your-name\" \/><\/span>\n<\/p>\n<p> Your e-mail\n<\/p>\n<p><span class=\"wpcf7-form-control-wrap\" data-name=\"your-email\"><input size=\"40\" maxlength=\"400\" class=\"wpcf7-form-control wpcf7-email wpcf7-validates-as-required wpcf7-text wpcf7-validates-as-email\" aria-required=\"true\" aria-invalid=\"false\" value=\"\" type=\"email\" name=\"your-email\" \/><\/span>\n<\/p>\n<p>Message\n<\/p>\n<p><span class=\"wpcf7-form-control-wrap\" data-name=\"your-message\"><textarea cols=\"40\" rows=\"10\" maxlength=\"2000\" class=\"wpcf7-form-control wpcf7-textarea\" aria-invalid=\"false\" name=\"your-message\"><\/textarea><\/span>\n<\/p>\n<p><input class=\"wpcf7-form-control wpcf7-submit has-spinner\" type=\"submit\" value=\"Submit\" \/>\n<\/p><div class=\"wpcf7-response-output\" aria-hidden=\"true\"><\/div>\n<\/form>\n<\/div>\n<div class=\"vcex-spacing wpex-w-100 wpex-clear\" style=\"height:60px;\"><\/div>[\/vc_column][\/vc_row]\n<\/div>","protected":false},"excerpt":{"rendered":"<p>[vc_row tablet_fullwidth_cols=&#8221;yes&#8221; parallax_style=&#8221;vcpb-default&#8221; center_row=&#8221;yes&#8221; bg_type=&#8221;image&#8221; bg_image_new=&#8221;2000&#8243; bg_image_repeat=&#8221;repeat-x&#8221; bg_image_size=&#8221;cover&#8221; bg_img_attach=&#8221;scroll&#8221; bg_override=&#8221;ex-full&#8221; min_height=&#8221;300px&#8221;][vc_column][\/vc_column][\/vc_row][vc_row][vc_column][\/vc_column][\/vc_row][vc_row center_row=&#8221;yes&#8221; bg_type=&#8221;no_bg&#8221;][vc_column width=&#8221;2\/3&#8243; padding_right=&#8221;50px&#8221;][vc_column_text]This site brings together materials produced by Laymert Garcia dos Santos. Part of the material was already published elsewhere, but one can also find here unpublished materials produced during research and cultural projects. The website was designed in a way that&hellip;<\/p>\n","protected":false},"author":1,"featured_media":0,"parent":0,"menu_order":0,"comment_status":"closed","ping_status":"closed","template":"","meta":{"footnotes":""},"class_list":["post-1860","page","type-page","status-publish","hentry","entry","no-media"],"aioseo_notices":[],"_links":{"self":[{"href":"https:\/\/laymert.com.br\/en\/wp-json\/wp\/v2\/pages\/1860","targetHints":{"allow":["GET"]}}],"collection":[{"href":"https:\/\/laymert.com.br\/en\/wp-json\/wp\/v2\/pages"}],"about":[{"href":"https:\/\/laymert.com.br\/en\/wp-json\/wp\/v2\/types\/page"}],"author":[{"embeddable":true,"href":"https:\/\/laymert.com.br\/en\/wp-json\/wp\/v2\/users\/1"}],"replies":[{"embeddable":true,"href":"https:\/\/laymert.com.br\/en\/wp-json\/wp\/v2\/comments?post=1860"}],"version-history":[{"count":0,"href":"https:\/\/laymert.com.br\/en\/wp-json\/wp\/v2\/pages\/1860\/revisions"}],"wp:attachment":[{"href":"https:\/\/laymert.com.br\/en\/wp-json\/wp\/v2\/media?parent=1860"}],"curies":[{"name":"wp","href":"https:\/\/api.w.org\/{rel}","templated":true}]}}