{"id":2024,"date":"2014-07-22T11:58:24","date_gmt":"2014-07-22T11:58:24","guid":{"rendered":"http:\/\/laymert.com.br\/sobre-2\/"},"modified":"2019-06-24T22:37:05","modified_gmt":"2019-06-24T22:37:05","slug":"acerca-de","status":"publish","type":"page","link":"https:\/\/laymert.com.br\/es\/acerca-de\/","title":{"rendered":"acerca de"},"content":{"rendered":"<div class=\"wpb-content-wrapper\">[vc_row tablet_fullwidth_cols=\u00bbyes\u00bb parallax_style=\u00bbvcpb-default\u00bb center_row=\u00bbyes\u00bb bg_type=\u00bbimage\u00bb bg_image_new=\u00bb2000&#8243; bg_image_repeat=\u00bbrepeat-x\u00bb bg_image_size=\u00bbcover\u00bb bg_img_attach=\u00bbscroll\u00bb bg_override=\u00bbex-full\u00bb min_height=\u00bb300px\u00bb][vc_column][\/vc_column][\/vc_row][vc_row][vc_column]<div class=\"vcex-spacing wpex-w-100 wpex-clear\" style=\"height:22px;\"><\/div>[\/vc_column][\/vc_row][vc_row center_row=\u00bbyes\u00bb bg_type=\u00bbno_bg\u00bb][vc_column width=\u00bb2\/3&#8243; padding_right=\u00bb50px\u00bb][vc_column_text]Este sitio web re\u00fane la producci\u00f3n de Laymert Garcia dos Santos.<\/p>\n<p>Reflexiones que han sido publicadas anteriormente o no, as\u00ed como los registros del desarrollo de ciertos proyectos, se coordinan con los materiales a los que se refieren.<\/p>\n<p>Las b\u00fasquedas se pueden hacer a trav\u00e9s de la nube de etiquetas (tags) y cambiar el idioma para consultar los textos disponibles.[\/vc_column_text]<div class=\"vcex-spacing wpex-w-100 wpex-clear\" style=\"height:22px;\"><\/div>[vc_text_separator title=\u00bbcr\u00e9ditos\u00bb title_align=\u00bbseparator_align_left\u00bb style=\u00bbone\u00bb element_type=\u00bbdiv\u00bb][vc_column_text css=\u00bb.vc_custom_1561415773172{margin-top: 22px !important;}\u00bb]<strong>Textos<br \/>\n<\/strong>Laymert Garcia dos Santos<\/p>\n<p><strong>Investigaci\u00f3n y formateo del contenido<br \/>\n<\/strong>Rafael Alves da Silva<\/p>\n<p><strong>Web design<br \/>\n<\/strong>Fernando Angulo<\/p>\n<p>* Otros cr\u00e9ditos se indican en las publicaciones.[\/vc_column_text]<div class=\"vcex-module vcex-divider vcex-divider-solid vcex-divider-center wpex-mx-auto wpex-max-w-100 wpex-block wpex-h-0 wpex-border-b wpex-border-solid wpex-border-main\" style=\"width:100%;margin-block:20px;border-bottom-width:1px;border-color:#dbdbdb;\"><\/div>[vc_column_text]\n<p style=\"text-align: left;\"><strong><img loading=\"lazy\" decoding=\"async\" class=\"alignleft size-full wp-image-2007\" src=\"http:\/\/laymert.com.br\/wp-content\/uploads\/2014\/07\/lgs-picture-01.jpg\" alt=\"lgs-picture-01\" width=\"214\" height=\"120\" \/>Laymert Garcia dos Santos<\/strong> es profesor del Departamento de Sociolog\u00eda \/ IFCH de la Universidad Estatal de Campinas (UNICAMP), fue asesor del CNPC del Ministerio de Cultura y Director de la Fundaci\u00f3n Bienal de S\u00e3o Paulo. Su actuaci\u00f3n tiene \u00e9nfasis en la sociolog\u00eda de la tecnolog\u00eda y el arte contempor\u00e1neo, especialmente en temas como la tecnolog\u00eda, la biotecnolog\u00eda, el arte contempor\u00e1neo, la pol\u00edtica y Brasil.<br \/>\nLos textos disponibles aqu\u00ed pueden contener derechos de publicaci\u00f3n. Salvo en estos casos, la reproducci\u00f3n no comercial est\u00e1 autorizada siempre que se cite la fuente.<br \/>\nLos materiales tales como fotos y videos tienen derechos de autor indicados en cada publicaci\u00f3n.<\/p>\n[\/vc_column_text]<div class=\"vcex-module vcex-divider vcex-divider-solid vcex-divider-center wpex-mx-auto wpex-max-w-100 wpex-block wpex-h-0 wpex-border-b wpex-border-solid wpex-border-main\" style=\"width:100%;margin-block:20px;border-bottom-width:1px;border-color:#dbdbdb;\"><\/div>[\/vc_column][vc_column width=\u00bb1\/3&#8243;][vc_column_text]\n<h1 style=\"text-align: left;\">contacto<\/h1>\n[\/vc_column_text]<div class=\"vcex-module vcex-divider vcex-divider-solid vcex-divider-center wpex-mx-auto wpex-max-w-100 wpex-block wpex-h-0 wpex-border-b wpex-border-solid wpex-border-main\" style=\"width:100%;margin-block:20px;border-bottom-width:1px;border-color:#dbdbdb;\"><\/div>\n<div class=\"wpcf7 no-js\" id=\"wpcf7-f2021-o1\" lang=\"pt-BR\" dir=\"ltr\" data-wpcf7-id=\"2021\">\n<div class=\"screen-reader-response\"><p role=\"status\" aria-live=\"polite\" aria-atomic=\"true\"><\/p> <ul><\/ul><\/div>\n<form action=\"\/es\/wp-json\/wp\/v2\/pages\/2024#wpcf7-f2021-o1\" method=\"post\" class=\"wpcf7-form init\" aria-label=\"Formul\u00e1rios de contato\" novalidate=\"novalidate\" data-status=\"init\">\n<fieldset class=\"hidden-fields-container\"><input type=\"hidden\" name=\"_wpcf7\" value=\"2021\" \/><input type=\"hidden\" name=\"_wpcf7_version\" value=\"6.1.5\" \/><input type=\"hidden\" name=\"_wpcf7_locale\" value=\"pt_BR\" \/><input type=\"hidden\" name=\"_wpcf7_unit_tag\" value=\"wpcf7-f2021-o1\" \/><input type=\"hidden\" name=\"_wpcf7_container_post\" value=\"0\" \/><input type=\"hidden\" name=\"_wpcf7_posted_data_hash\" value=\"\" \/><input type=\"hidden\" name=\"_wpcf7_recaptcha_response\" value=\"\" \/>\n<\/fieldset>\n<p>Your name\n<\/p>\n<p><span class=\"wpcf7-form-control-wrap\" data-name=\"your-name\"><input size=\"40\" maxlength=\"400\" class=\"wpcf7-form-control wpcf7-text wpcf7-validates-as-required\" aria-required=\"true\" aria-invalid=\"false\" value=\"\" type=\"text\" name=\"your-name\" \/><\/span>\n<\/p>\n<p> Your e-mail\n<\/p>\n<p><span class=\"wpcf7-form-control-wrap\" data-name=\"your-email\"><input size=\"40\" maxlength=\"400\" class=\"wpcf7-form-control wpcf7-email wpcf7-validates-as-required wpcf7-text wpcf7-validates-as-email\" aria-required=\"true\" aria-invalid=\"false\" value=\"\" type=\"email\" name=\"your-email\" \/><\/span>\n<\/p>\n<p>Message\n<\/p>\n<p><span class=\"wpcf7-form-control-wrap\" data-name=\"your-message\"><textarea cols=\"40\" rows=\"10\" maxlength=\"2000\" class=\"wpcf7-form-control wpcf7-textarea\" aria-invalid=\"false\" name=\"your-message\"><\/textarea><\/span>\n<\/p>\n<p><input class=\"wpcf7-form-control wpcf7-submit has-spinner\" type=\"submit\" value=\"Submit\" \/>\n<\/p><div class=\"wpcf7-response-output\" aria-hidden=\"true\"><\/div>\n<\/form>\n<\/div>\n<div class=\"vcex-spacing wpex-w-100 wpex-clear\" style=\"height:60px;\"><\/div>[\/vc_column][\/vc_row]\n<\/div>","protected":false},"excerpt":{"rendered":"<p>[vc_row tablet_fullwidth_cols=\u00bbyes\u00bb parallax_style=\u00bbvcpb-default\u00bb center_row=\u00bbyes\u00bb bg_type=\u00bbimage\u00bb bg_image_new=\u00bb2000&#8243; bg_image_repeat=\u00bbrepeat-x\u00bb bg_image_size=\u00bbcover\u00bb bg_img_attach=\u00bbscroll\u00bb bg_override=\u00bbex-full\u00bb min_height=\u00bb300px\u00bb][vc_column][\/vc_column][\/vc_row][vc_row][vc_column][\/vc_column][\/vc_row][vc_row center_row=\u00bbyes\u00bb bg_type=\u00bbno_bg\u00bb][vc_column width=\u00bb2\/3&#8243; padding_right=\u00bb50px\u00bb][vc_column_text]Este sitio web re\u00fane la producci\u00f3n de Laymert Garcia dos Santos. Reflexiones que han sido publicadas anteriormente o no, as\u00ed como los registros del desarrollo de ciertos proyectos, se coordinan con los materiales a los que se refieren. Las b\u00fasquedas se&hellip;<\/p>\n","protected":false},"author":1,"featured_media":0,"parent":0,"menu_order":0,"comment_status":"closed","ping_status":"closed","template":"","meta":{"footnotes":""},"class_list":["post-2024","page","type-page","status-publish","hentry","entry","no-media"],"aioseo_notices":[],"_links":{"self":[{"href":"https:\/\/laymert.com.br\/es\/wp-json\/wp\/v2\/pages\/2024","targetHints":{"allow":["GET"]}}],"collection":[{"href":"https:\/\/laymert.com.br\/es\/wp-json\/wp\/v2\/pages"}],"about":[{"href":"https:\/\/laymert.com.br\/es\/wp-json\/wp\/v2\/types\/page"}],"author":[{"embeddable":true,"href":"https:\/\/laymert.com.br\/es\/wp-json\/wp\/v2\/users\/1"}],"replies":[{"embeddable":true,"href":"https:\/\/laymert.com.br\/es\/wp-json\/wp\/v2\/comments?post=2024"}],"version-history":[{"count":0,"href":"https:\/\/laymert.com.br\/es\/wp-json\/wp\/v2\/pages\/2024\/revisions"}],"wp:attachment":[{"href":"https:\/\/laymert.com.br\/es\/wp-json\/wp\/v2\/media?parent=2024"}],"curies":[{"name":"wp","href":"https:\/\/api.w.org\/{rel}","templated":true}]}}